{"id":3440,"date":"2021-04-09T11:52:54","date_gmt":"2021-04-09T11:52:54","guid":{"rendered":"http:\/\/lamanitasinformatica.com\/catedra-rrhh\/?page_id=695"},"modified":"2022-07-06T12:02:01","modified_gmt":"2022-07-06T10:02:01","slug":"colaboraciones-con-entidades","status":"publish","type":"page","link":"https:\/\/catedratrabajorecursoshumanosysalud.umh.es\/ca\/colaboraciones-con-entidades\/","title":{"rendered":"Colaboraciones con entidades"},"content":{"rendered":"<p>[et_pb_section fb_built=&#8221;1&#8243; disabled_on=&#8221;on|on|on&#8221; _builder_version=&#8221;4.16&#8243; disabled=&#8221;on&#8221; global_colors_info=&#8221;{}&#8221;][et_pb_row _builder_version=&#8221;4.16&#8243; background_size=&#8221;initial&#8221; background_position=&#8221;top_left&#8221; background_repeat=&#8221;repeat&#8221; global_colors_info=&#8221;{}&#8221;][et_pb_column type=&#8221;4_4&#8243; _builder_version=&#8221;4.16&#8243; custom_padding=&#8221;|||&#8221; global_colors_info=&#8221;{}&#8221; custom_padding__hover=&#8221;|||&#8221;][et_pb_text _builder_version=&#8221;4.16&#8243; background_size=&#8221;initial&#8221; background_position=&#8221;top_left&#8221; background_repeat=&#8221;repeat&#8221; global_colors_info=&#8221;{}&#8221;]<\/p>\n<h1>Colaboraciones con entidades<\/h1>\n<p><img loading=\"lazy\" src=\"https:\/\/catedratrabajorecursoshumanosysalud.umh.es\/files\/2021\/04\/logo-direccion-humana.png\" alt=\"Logotipo Asociaci\u00f3n Direcci\u00f3n Humana\" width=\"337\" height=\"128\" \/><\/p>\n<h2>Direcci\u00f3n Humana<\/h2>\n<p>Asociaci\u00f3n de Directivos de Recursos Humanos de la Regi\u00f3n de Murcia.<\/p>\n<p><a role=\"button\" target=\"_blank\" rel=\"noopener noreferrer\"><br \/>\nir a la web<br \/>\n<\/a><br \/>\n<img loading=\"lazy\" src=\"https:\/\/catedratrabajorecursoshumanosysalud.umh.es\/files\/2021\/05\/logo-COP-CV.png\" alt=\"Logotipo Colegio Oficial Psic\u00f3logos Comunidad Valenciana\" width=\"355\" height=\"96\" \/><\/p>\n<h2>Colegio Oficial de Psic\u00f3logos de la Comunidad Valenciana\u200b<\/h2>\n<p>Colegio Oficial de Psic\u00f3logos de la Comunidad Valenciana.<\/p>\n<p><a role=\"button\" href=\"https:\/\/www.cop-cv.org\/\" target=\"_blank\" rel=\"noopener noreferrer\"><br \/>\nir a la web<br \/>\n<\/a><br \/>\n[\/et_pb_text][\/et_pb_column][\/et_pb_row][et_pb_row _builder_version=&#8221;4.16&#8243; global_colors_info=&#8221;{}&#8221;][et_pb_column type=&#8221;4_4&#8243; _builder_version=&#8221;4.16&#8243; global_colors_info=&#8221;{}&#8221;][et_pb_text _builder_version=&#8221;4.16&#8243; global_colors_info=&#8221;{}&#8221;][\/et_pb_text][\/et_pb_column][\/et_pb_row][\/et_pb_section][et_pb_section fb_built=&#8221;1&#8243; _builder_version=&#8221;4.16&#8243; global_colors_info=&#8221;{}&#8221;][et_pb_row _builder_version=&#8221;4.16&#8243; global_colors_info=&#8221;{}&#8221;][et_pb_column type=&#8221;4_4&#8243; _builder_version=&#8221;4.16&#8243; global_colors_info=&#8221;{}&#8221;][et_pb_text _builder_version=&#8221;4.16&#8243; text_font=&#8221;Times New Roman||||||||&#8221; header_font=&#8221;|700|||||||&#8221; header_font_size=&#8221;40px&#8221; global_colors_info=&#8221;{}&#8221;]<\/p>\n<h1><strong>Colaboraciones con entidades<\/strong><\/h1>\n<p>[\/et_pb_text][\/et_pb_column][\/et_pb_row][et_pb_row column_structure=&#8221;2_5,3_5&#8243; _builder_version=&#8221;4.16&#8243; global_colors_info=&#8221;{}&#8221;][et_pb_column type=&#8221;2_5&#8243; _builder_version=&#8221;4.16&#8243; global_colors_info=&#8221;{}&#8221;][et_pb_image src=&#8221;https:\/\/catedratrabajorecursoshumanosysalud.umh.es\/files\/2022\/04\/Healthy-cities-sanitas-ODS.jpg&#8221; url=&#8221;https:\/\/corporativo.sanitas.es\/sostenibilidad-sanitas\/healthy-cities\/&#8221; _builder_version=&#8221;4.17.4&#8243; hover_enabled=&#8221;0&#8243; global_colors_info=&#8221;{}&#8221; admin_label=&#8221;Healthy Cities Imagen&#8221; sticky_enabled=&#8221;0&#8243;][\/et_pb_image][\/et_pb_column][et_pb_column type=&#8221;3_5&#8243; _builder_version=&#8221;4.16&#8243; global_colors_info=&#8221;{}&#8221;][et_pb_text _builder_version=&#8221;4.16&#8243; text_font=&#8221;Times New Roman||||||||&#8221; text_text_color=&#8221;#dd9933&#8243; global_colors_info=&#8221;{}&#8221;]<\/p>\n<h2 class=\"elementor-heading-title elementor-size-default\" style=\"margin: 0px;padding: 0px;border: 0px;line-height: 1.2em;vertical-align: baseline;font-family: 'Times New Roman', sans-serif;font-size: 30px\"><strong>Sanitas | Healthy Cities<\/strong><\/h2>\n<p>[\/et_pb_text][et_pb_text _builder_version=&#8221;4.16&#8243; text_font=&#8221;||||||||&#8221; text_font_size=&#8221;18px&#8221; global_colors_info=&#8221;{}&#8221;]<\/p>\n<p>Iniciativa del \u00e1rea de sostenibilidad de Sanitas<\/p>\n<p>[\/et_pb_text][et_pb_button button_url=&#8221;https:\/\/corporativo.sanitas.es\/sostenibilidad-sanitas\/healthy-cities\/&#8221; url_new_window=&#8221;on&#8221; button_text=&#8221;ir a la web&#8221; _builder_version=&#8221;4.16&#8243; custom_button=&#8221;on&#8221; button_text_color=&#8221;#ffffff&#8221; button_bg_color=&#8221;#4ca5b6&#8243; button_border_color=&#8221;#4ca5b6&#8243; global_colors_info=&#8221;{}&#8221;][\/et_pb_button][\/et_pb_column][\/et_pb_row][et_pb_row column_structure=&#8221;2_5,3_5&#8243; _builder_version=&#8221;4.16&#8243; global_colors_info=&#8221;{}&#8221;][et_pb_column type=&#8221;2_5&#8243; _builder_version=&#8221;4.16&#8243; global_colors_info=&#8221;{}&#8221;][et_pb_image src=&#8221;https:\/\/catedratrabajorecursoshumanosysalud.umh.es\/files\/2022\/04\/PREDEPOL.png&#8221; url=&#8221;https:\/\/twitter.com\/zerosuicidiopol?lang=es&#8221; _builder_version=&#8221;4.17.4&#8243; max_height=&#8221;200px&#8221; hover_enabled=&#8221;0&#8243; global_colors_info=&#8221;{}&#8221; admin_label=&#8221;PREDEPOL Imagen&#8221; sticky_enabled=&#8221;0&#8243;][\/et_pb_image][\/et_pb_column][et_pb_column type=&#8221;3_5&#8243; _builder_version=&#8221;4.16&#8243; global_colors_info=&#8221;{}&#8221;][et_pb_text _builder_version=&#8221;4.16&#8243; text_font=&#8221;Times New Roman||||||||&#8221; text_text_color=&#8221;#dd9933&#8243; global_colors_info=&#8221;{}&#8221;]<\/p>\n<h2 class=\"elementor-heading-title elementor-size-default\" style=\"margin: 0px;padding: 0px;border: 0px;line-height: 1.2em;vertical-align: baseline;font-family: 'Times New Roman', sans-serif;font-size: 30px\"><strong>PREDEPOL<\/strong><\/h2>\n<p>[\/et_pb_text][et_pb_text _builder_version=&#8221;4.16&#8243; text_font=&#8221;||||||||&#8221; text_font_size=&#8221;18px&#8221; global_colors_info=&#8221;{}&#8221;]<\/p>\n<p>Asociaci\u00f3n Profesional Espa\u00f1ola para la Prevenci\u00f3n y Defensa Policial<\/p>\n<p>[\/et_pb_text][et_pb_button button_url=&#8221;https:\/\/catedratrabajorecursoshumanosysalud.umh.es\/files\/2022\/07\/ACUERDO-ESPECIFICO-UMH-PREDEPOL-REV_signed-copia-autentica.pdf&#8221; url_new_window=&#8221;on&#8221; button_text=&#8221;CONVENIO&#8221; _builder_version=&#8221;4.17.4&#8243; custom_button=&#8221;on&#8221; button_text_color=&#8221;#ffffff&#8221; button_bg_color=&#8221;#4ca5b6&#8243; button_border_color=&#8221;#4ca5b6&#8243; hover_enabled=&#8221;0&#8243; global_colors_info=&#8221;{}&#8221; sticky_enabled=&#8221;0&#8243;][\/et_pb_button][\/et_pb_column][\/et_pb_row][et_pb_row column_structure=&#8221;2_5,3_5&#8243; _builder_version=&#8221;4.16&#8243; global_colors_info=&#8221;{}&#8221;][et_pb_column type=&#8221;2_5&#8243; _builder_version=&#8221;4.16&#8243; global_colors_info=&#8221;{}&#8221;][et_pb_image src=&#8221;https:\/\/catedratrabajorecursoshumanosysalud.umh.es\/files\/2022\/04\/UGT-PV.png&#8221; url=&#8221;https:\/\/www.ugt-pv.es\/cms\/&#8221; _builder_version=&#8221;4.17.4&#8243; hover_enabled=&#8221;0&#8243; global_colors_info=&#8221;{}&#8221; admin_label=&#8221;UGT PV Imagen&#8221; sticky_enabled=&#8221;0&#8243;][\/et_pb_image][\/et_pb_column][et_pb_column type=&#8221;3_5&#8243; _builder_version=&#8221;4.16&#8243; global_colors_info=&#8221;{}&#8221;][et_pb_text _builder_version=&#8221;4.16&#8243; text_font=&#8221;Times New Roman||||||||&#8221; text_text_color=&#8221;#dd9933&#8243; global_colors_info=&#8221;{}&#8221;]<\/p>\n<h2 class=\"elementor-heading-title elementor-size-default\" style=\"margin: 0px;padding: 0px;border: 0px;line-height: 1.2em;vertical-align: baseline;font-family: 'Times New Roman', sans-serif;font-size: 30px\"><strong>UGT\u00a0<\/strong><\/h2>\n<p>[\/et_pb_text][et_pb_text _builder_version=&#8221;4.16&#8243; text_font=&#8221;||||||||&#8221; text_font_size=&#8221;18px&#8221; global_colors_info=&#8221;{}&#8221;]<\/p>\n<p>Confederaci\u00f3n Sindical Uni\u00f3n General de Trabajadores de Espa\u00f1a<\/p>\n<p>[\/et_pb_text][et_pb_button button_url=&#8221;https:\/\/www.ugt-pv.es\/cms\/&#8221; url_new_window=&#8221;on&#8221; button_text=&#8221;ir a la web&#8221; _builder_version=&#8221;4.16&#8243; custom_button=&#8221;on&#8221; button_text_color=&#8221;#ffffff&#8221; button_bg_color=&#8221;#4ca5b6&#8243; button_border_color=&#8221;#4ca5b6&#8243; global_colors_info=&#8221;{}&#8221;][\/et_pb_button][\/et_pb_column][\/et_pb_row][et_pb_row column_structure=&#8221;2_5,3_5&#8243; _builder_version=&#8221;4.16&#8243; global_colors_info=&#8221;{}&#8221;][et_pb_column type=&#8221;2_5&#8243; _builder_version=&#8221;4.16&#8243; global_colors_info=&#8221;{}&#8221;][et_pb_image src=&#8221;https:\/\/catedratrabajorecursoshumanosysalud.umh.es\/files\/2021\/09\/logo-direccion-humana.png&#8221; _builder_version=&#8221;4.17.4&#8243; hover_enabled=&#8221;0&#8243; global_colors_info=&#8221;{}&#8221; admin_label=&#8221;Direcci\u00f3n Humana Imagen&#8221; sticky_enabled=&#8221;0&#8243;][\/et_pb_image][\/et_pb_column][et_pb_column type=&#8221;3_5&#8243; _builder_version=&#8221;4.16&#8243; global_colors_info=&#8221;{}&#8221;][et_pb_text _builder_version=&#8221;4.16&#8243; text_font=&#8221;Times New Roman||||||||&#8221; text_text_color=&#8221;#dd9933&#8243; global_colors_info=&#8221;{}&#8221;]<\/p>\n<h2 class=\"elementor-heading-title elementor-size-default\" style=\"margin: 0px;padding: 0px;border: 0px;line-height: 1.2em;vertical-align: baseline;font-family: 'Times New Roman', sans-serif;font-size: 30px\"><strong>Direcci\u00f3n Humana<\/strong><\/h2>\n<p>[\/et_pb_text][et_pb_text _builder_version=&#8221;4.16&#8243; text_font=&#8221;||||||||&#8221; text_font_size=&#8221;18px&#8221; global_colors_info=&#8221;{}&#8221;]Asociaci\u00f3n de Directivos de Recursos Humanos de la Regi\u00f3n de Murcia.[\/et_pb_text][et_pb_button button_url=&#8221;https:\/\/direccionhumana.es\/&#8221; url_new_window=&#8221;on&#8221; button_text=&#8221;ir a la web&#8221; _builder_version=&#8221;4.16&#8243; custom_button=&#8221;on&#8221; button_text_color=&#8221;#ffffff&#8221; button_bg_color=&#8221;#4ca5b6&#8243; button_border_color=&#8221;#4ca5b6&#8243; global_colors_info=&#8221;{}&#8221;][\/et_pb_button][\/et_pb_column][\/et_pb_row][\/et_pb_section][et_pb_section fb_built=&#8221;1&#8243; _builder_version=&#8221;4.16&#8243; global_colors_info=&#8221;{}&#8221;][et_pb_row column_structure=&#8221;1_6,1_6,1_6,1_6,1_6,1_6&#8243; make_equal=&#8221;on&#8221; disabled_on=&#8221;on|on|on&#8221; _builder_version=&#8221;4.16&#8243; disabled=&#8221;on&#8221; global_colors_info=&#8221;{}&#8221;][et_pb_column type=&#8221;1_6&#8243; _builder_version=&#8221;4.16&#8243; global_colors_info=&#8221;{}&#8221;][et_pb_image src=&#8221;https:\/\/catedratrabajorecursoshumanosysalud.umh.es\/files\/2021\/04\/Auxiliar-Conservera-6.png&#8221; align=&#8221;center&#8221; _builder_version=&#8221;4.16&#8243; custom_margin=&#8221;-20px||||false|false&#8221; global_colors_info=&#8221;{}&#8221;][\/et_pb_image][\/et_pb_column][et_pb_column type=&#8221;1_6&#8243; _builder_version=&#8221;4.16&#8243; global_colors_info=&#8221;{}&#8221;][et_pb_image src=&#8221;https:\/\/catedratrabajorecursoshumanosysalud.umh.es\/files\/2021\/04\/brandty_magenta_full.png&#8221; align=&#8221;center&#8221; _builder_version=&#8221;4.16&#8243; global_colors_info=&#8221;{}&#8221;][\/et_pb_image][\/et_pb_column][et_pb_column type=&#8221;1_6&#8243; _builder_version=&#8221;4.16&#8243; global_colors_info=&#8221;{}&#8221;][et_pb_image src=&#8221;https:\/\/catedratrabajorecursoshumanosysalud.umh.es\/files\/2021\/05\/LOGO-FINETWORK-fondo-morado.png&#8221; align=&#8221;center&#8221; _builder_version=&#8221;4.16&#8243; global_colors_info=&#8221;{}&#8221;][\/et_pb_image][\/et_pb_column][et_pb_column type=&#8221;1_6&#8243; _builder_version=&#8221;4.16&#8243; global_colors_info=&#8221;{}&#8221;][et_pb_image src=&#8221;https:\/\/catedratrabajorecursoshumanosysalud.umh.es\/files\/2021\/04\/marjal.jpg&#8221; align=&#8221;center&#8221; _builder_version=&#8221;4.16&#8243; global_colors_info=&#8221;{}&#8221;][\/et_pb_image][\/et_pb_column][et_pb_column type=&#8221;1_6&#8243; _builder_version=&#8221;4.16&#8243; global_colors_info=&#8221;{}&#8221;][et_pb_image src=&#8221;https:\/\/catedratrabajorecursoshumanosysalud.umh.es\/files\/2021\/05\/nivimu_hor.png&#8221; align=&#8221;center&#8221; _builder_version=&#8221;4.16&#8243; global_colors_info=&#8221;{}&#8221;][\/et_pb_image][\/et_pb_column][et_pb_column type=&#8221;1_6&#8243; _builder_version=&#8221;4.16&#8243; global_colors_info=&#8221;{}&#8221;][et_pb_image src=&#8221;https:\/\/catedratrabajorecursoshumanosysalud.umh.es\/files\/2021\/04\/sanitas.png&#8221; align=&#8221;center&#8221; _builder_version=&#8221;4.16&#8243; global_colors_info=&#8221;{}&#8221;][\/et_pb_image][\/et_pb_column][\/et_pb_row][et_pb_row _builder_version=&#8221;4.16&#8243; global_colors_info=&#8221;{}&#8221;][et_pb_column type=&#8221;4_4&#8243; _builder_version=&#8221;4.16&#8243; global_colors_info=&#8221;{}&#8221;][et_pb_image src=&#8221;https:\/\/catedratrabajorecursoshumanosysalud.umh.es\/files\/2022\/05\/MIEMBROS-CATEDRA-TRHS.png&#8221; _builder_version=&#8221;4.16&#8243; global_colors_info=&#8221;{}&#8221;][\/et_pb_image][\/et_pb_column][\/et_pb_row][\/et_pb_section][et_pb_section fb_built=&#8221;1&#8243; _builder_version=&#8221;4.16&#8243; background_color=&#8221;#000000&#8243; global_colors_info=&#8221;{}&#8221;][et_pb_row column_structure=&#8221;1_2,1_4,1_4&#8243; _builder_version=&#8221;4.16&#8243; global_colors_info=&#8221;{}&#8221;][et_pb_column type=&#8221;1_2&#8243; _builder_version=&#8221;4.16&#8243; global_colors_info=&#8221;{}&#8221;][et_pb_image src=&#8221;https:\/\/catedratrabajorecursoshumanosysalud.umh.es\/files\/2021\/07\/Sin-t\u00edtulo.png&#8221; _builder_version=&#8221;4.16&#8243; width=&#8221;46%&#8221; global_colors_info=&#8221;{}&#8221;][\/et_pb_image][et_pb_text _builder_version=&#8221;4.16&#8243; text_text_color=&#8221;#ffffff&#8221; background_layout=&#8221;dark&#8221; global_colors_info=&#8221;{}&#8221;]<\/p>\n<p style=\"text-align: left\"><span style=\"color: #ffffff;font-family: 'Nunito Sans', sans-serif;font-size: 20px;text-align: center\">C\u00e1tedra Trabajo, Recursos Humanos y Salud<\/span><br \/>\n<span style=\"color: #ffffff;font-family: 'Nunito Sans', sans-serif;font-size: medium;text-align: center\">Universidad Miguel Hern\u00e1ndez (Edificio Altamira) Campus de Elche)<\/span><\/p>\n<p>[\/et_pb_text][et_pb_social_media_follow _builder_version=&#8221;4.16&#8243; global_colors_info=&#8221;{}&#8221;][et_pb_social_media_follow_network social_network=&#8221;facebook&#8221; icon_color=&#8221;#000000&#8243; use_icon_font_size=&#8221;on&#8221; _builder_version=&#8221;4.16&#8243; background_color=&#8221;#ffffff&#8221; background_enable_color=&#8221;on&#8221; global_colors_info=&#8221;{}&#8221; follow_button=&#8221;off&#8221; url_new_window=&#8221;on&#8221;]facebook[\/et_pb_social_media_follow_network][et_pb_social_media_follow_network social_network=&#8221;twitter&#8221; url=&#8221;https:\/\/twitter.com\/CatedraTRHS&#8221; use_icon_font_size=&#8221;on&#8221; icon_font_size=&#8221;21px&#8221; _builder_version=&#8221;4.16&#8243; background_color=&#8221;#000000&#8243; background_enable_color=&#8221;on&#8221; global_colors_info=&#8221;{}&#8221; follow_button=&#8221;off&#8221; url_new_window=&#8221;on&#8221;]twitter[\/et_pb_social_media_follow_network][et_pb_social_media_follow_network social_network=&#8221;youtube&#8221; use_icon_font_size=&#8221;on&#8221; icon_font_size=&#8221;21px&#8221; _builder_version=&#8221;4.16&#8243; background_color=&#8221;#000000&#8243; background_enable_color=&#8221;on&#8221; global_colors_info=&#8221;{}&#8221; follow_button=&#8221;off&#8221; url_new_window=&#8221;on&#8221;]youtube[\/et_pb_social_media_follow_network][et_pb_social_media_follow_network social_network=&#8221;linkedin&#8221; url=&#8221;https:\/\/linkedin.com\/company\/c\u00e1tedra-trabajo-recursos-humanos-salud&#8221; _builder_version=&#8221;4.16&#8243; background_color=&#8221;#000000&#8243; background_enable_color=&#8221;on&#8221; global_colors_info=&#8221;{}&#8221; follow_button=&#8221;off&#8221; url_new_window=&#8221;on&#8221;]linkedin[\/et_pb_social_media_follow_network][\/et_pb_social_media_follow][et_pb_text _builder_version=&#8221;4.16&#8243; global_colors_info=&#8221;{}&#8221;]<\/p>\n<h5 style=\"text-align: left\"><span style=\"color: #ffffff\"><strong><a href=\"tel:+34966658634\" style=\"color: #ffffff\"><span class=\"elementor-icon-list-text\">Tlf: (+34) 966 65 86 34<\/span><\/a><\/strong><\/span><\/h5>\n<h5 style=\"text-align: left\"><span style=\"color: #ffffff\"><strong><a href=\"mailto:catedratrhs@umh.es\" style=\"color: #ffffff\"><span class=\"elementor-icon-list-text\">Email: catedraTRHS@umh.es<\/span><\/a><\/strong><\/span><\/h5>\n<h5 style=\"text-align: left\"><span style=\"color: #ffffff\"><strong><a href=\"http:\/\/eepurl.com\/hsWuob\" style=\"color: #ffffff\"><span class=\"elementor-icon-list-text\">Newsletter<\/span><\/a><\/strong><\/span><\/h5>\n<p>[\/et_pb_text][\/et_pb_column][et_pb_column type=&#8221;1_4&#8243; _builder_version=&#8221;4.16&#8243; global_colors_info=&#8221;{}&#8221;][et_pb_menu menu_id=&#8221;367868&#8243; active_link_color=&#8221;#ffffff&#8221; _builder_version=&#8221;4.16&#8243; menu_text_color=&#8221;#ffffff&#8221; menu_font_size=&#8221;18px&#8221; background_color=&#8221;#000000&#8243; border_color_left=&#8221;#ffffff&#8221; global_colors_info=&#8221;{}&#8221;][\/et_pb_menu][et_pb_divider divider_position=&#8221;center&#8221; _builder_version=&#8221;4.16&#8243; global_colors_info=&#8221;{}&#8221;][\/et_pb_divider][et_pb_menu menu_id=&#8221;367871&#8243; active_link_color=&#8221;#ffffff&#8221; _builder_version=&#8221;4.16&#8243; menu_text_color=&#8221;#ffffff&#8221; menu_font_size=&#8221;18px&#8221; background_color=&#8221;#000000&#8243; global_colors_info=&#8221;{}&#8221;][\/et_pb_menu][\/et_pb_column][et_pb_column type=&#8221;1_4&#8243; _builder_version=&#8221;4.16&#8243; global_colors_info=&#8221;{}&#8221;][et_pb_image src=&#8221;https:\/\/catedratrabajorecursoshumanosysalud.umh.es\/files\/2021\/04\/logo-umh_blanco.png&#8221; url=&#8221;https:\/\/www.umh.es\/&#8221; url_new_window=&#8221;on&#8221; align=&#8221;right&#8221; _builder_version=&#8221;4.16&#8243; width=&#8221;85%&#8221; custom_margin=&#8221;250px||||false|false&#8221; global_colors_info=&#8221;{}&#8221;][\/et_pb_image][\/et_pb_column][\/et_pb_row][\/et_pb_section]<\/p>\n","protected":false},"excerpt":{"rendered":"<p>Colaboraciones con entidades Direcci\u00f3n Humana Asociaci\u00f3n de Directivos de Recursos Humanos de la Regi\u00f3n de Murcia. ir a la web Colegio Oficial de Psic\u00f3logos de la Comunidad Valenciana\u200b Colegio Oficial de Psic\u00f3logos de la Comunidad Valenciana. ir a la web Colaboraciones con entidadesSanitas | Healthy CitiesIniciativa del \u00e1rea de sostenibilidad de SanitasPREDEPOLAsociaci\u00f3n Profesional Espa\u00f1ola para [&hellip;]<\/p>\n","protected":false},"author":3735,"featured_media":0,"parent":0,"menu_order":0,"comment_status":"closed","ping_status":"closed","template":"elementor_header_footer","meta":{"_et_pb_use_builder":"on","_et_pb_old_content":"<h1>Colaboraciones con entidades<\/h1><p><img src=\"https:\/\/catedratrabajorecursoshumanosysalud.umh.es\/files\/2021\/04\/logo-direccion-humana.png\" sizes=\"(max-width: 337px) 100vw, 337px\" srcset=\"https:\/\/catedratrabajorecursoshumanosysalud.umh.es\/files\/2021\/04\/logo-direccion-humana.png 337w, https:\/\/catedratrabajorecursoshumanosysalud.umh.es\/files\/2021\/04\/logo-direccion-humana-300x114.png 300w\" alt=\"Logotipo Asociaci\u00f3n Direcci\u00f3n Humana\" width=\"337\" height=\"128\" \/><\/p><h2>Direcci\u00f3n Humana<\/h2><p>Asociaci\u00f3n de Directivos de Recursos Humanos de la Regi\u00f3n de Murcia.<\/p><p><a role=\"button\" target=\"_blank\" rel=\"noopener noreferrer\"><br \/>ir a la web<br \/><\/a><br \/><img src=\"https:\/\/catedratrabajorecursoshumanosysalud.umh.es\/files\/2021\/05\/logo-COP-CV.png\" sizes=\"(max-width: 355px) 100vw, 355px\" srcset=\"https:\/\/catedratrabajorecursoshumanosysalud.umh.es\/files\/2021\/05\/logo-COP-CV.png 355w, https:\/\/catedratrabajorecursoshumanosysalud.umh.es\/files\/2021\/05\/logo-COP-CV-300x81.png 300w\" alt=\"Logotipo Colegio Oficial Psic\u00f3logos Comunidad Valenciana\" width=\"355\" height=\"96\" \/><\/p><h2>Colegio Oficial de Psic\u00f3logos de la Comunidad Valenciana\u200b<\/h2><p>Colegio Oficial de Psic\u00f3logos de la Comunidad Valenciana.<\/p><p><a role=\"button\" href=\"https:\/\/www.cop-cv.org\/\" target=\"_blank\" rel=\"noopener noreferrer\"><br \/>ir a la web<br \/><\/a><\/p>","_et_gb_content_width":"","_links_to":"","_links_to_target":""},"_links":{"self":[{"href":"https:\/\/catedratrabajorecursoshumanosysalud.umh.es\/ca\/wp-json\/wp\/v2\/pages\/3440"}],"collection":[{"href":"https:\/\/catedratrabajorecursoshumanosysalud.umh.es\/ca\/wp-json\/wp\/v2\/pages"}],"about":[{"href":"https:\/\/catedratrabajorecursoshumanosysalud.umh.es\/ca\/wp-json\/wp\/v2\/types\/page"}],"author":[{"embeddable":true,"href":"https:\/\/catedratrabajorecursoshumanosysalud.umh.es\/ca\/wp-json\/wp\/v2\/users\/3735"}],"replies":[{"embeddable":true,"href":"https:\/\/catedratrabajorecursoshumanosysalud.umh.es\/ca\/wp-json\/wp\/v2\/comments?post=3440"}],"version-history":[{"count":0,"href":"https:\/\/catedratrabajorecursoshumanosysalud.umh.es\/ca\/wp-json\/wp\/v2\/pages\/3440\/revisions"}],"wp:attachment":[{"href":"https:\/\/catedratrabajorecursoshumanosysalud.umh.es\/ca\/wp-json\/wp\/v2\/media?parent=3440"}],"curies":[{"name":"wp","href":"https:\/\/api.w.org\/{rel}","templated":true}]}}