{"id":9949,"date":"2023-07-31T02:22:38","date_gmt":"2023-07-31T00:22:38","guid":{"rendered":"https:\/\/catedratrabajorecursoshumanosysalud.umh.es\/?page_id=9949"},"modified":"2024-11-19T10:55:50","modified_gmt":"2024-11-19T09:55:50","slug":"quienes-somos","status":"publish","type":"page","link":"https:\/\/catedratrabajorecursoshumanosysalud.umh.es\/en\/quienes-somos\/","title":{"rendered":"<span lang=\"es\">(Espa\u00f1ol) QUIENES SOMOS<\/span>"},"content":{"rendered":"<p>[et_pb_section fb_built=&#8221;1&#8243; admin_label=&#8221;Hero&#8221; _builder_version=&#8221;4.16&#8243; _module_preset=&#8221;default&#8221; custom_padding=&#8221;0px|0px|0px|0px&#8221; animation_style=&#8221;zoom&#8221; animation_intensity_zoom=&#8221;4%&#8221; global_colors_info=&#8221;{}&#8221;][et_pb_row use_custom_gutter=&#8221;on&#8221; gutter_width=&#8221;1&#8243; make_equal=&#8221;on&#8221; module_class=&#8221; et_pb_row_fullwidth&#8221; _builder_version=&#8221;4.17.4&#8243; _module_preset=&#8221;default&#8221; background_enable_color=&#8221;off&#8221; background_enable_image=&#8221;off&#8221; width=&#8221;100%&#8221; width_tablet=&#8221;100%&#8221; width_phone=&#8221;100%&#8221; width_last_edited=&#8221;on|desktop&#8221; max_width=&#8221;100%&#8221; max_width_tablet=&#8221;100%&#8221; max_width_phone=&#8221;100%&#8221; max_width_last_edited=&#8221;on|desktop&#8221; min_height=&#8221;618px&#8221; max_height=&#8221;607px&#8221; custom_padding=&#8221;0px||1px|||&#8221; animation_style=&#8221;slide&#8221; animation_direction=&#8221;top&#8221; animation_intensity_slide=&#8221;3%&#8221; make_fullwidth=&#8221;on&#8221; global_colors_info=&#8221;{}&#8221;][et_pb_column type=&#8221;4_4&#8243; _builder_version=&#8221;4.17.4&#8243; _module_preset=&#8221;default&#8221; background_image=&#8221;https:\/\/catedratrabajorecursoshumanosysalud.umh.es\/files\/2023\/07\/Office-design_-the-latest-trends-in-workspace-architecture-Flokk-2.jpg&#8221; parallax=&#8221;on&#8221; custom_padding=&#8221;|||&#8221; border_width_all=&#8221;0px&#8221; border_width_top=&#8221;0px&#8221; global_colors_info=&#8221;{}&#8221; custom_padding__hover=&#8221;|||&#8221;][et_pb_text _builder_version=&#8221;4.17.4&#8243; _module_preset=&#8221;default&#8221; custom_margin=&#8221;271px||||false|false&#8221; custom_padding=&#8221;|232px|0px|225px||&#8221; hover_enabled=&#8221;0&#8243; global_colors_info=&#8221;{}&#8221; sticky_enabled=&#8221;0&#8243;]<\/p>\n<p style=\"text-align: center\"><span style=\"font-weight: 400;color: #000000;font-size: large\">El 11 de febrero de 2020 se crea la c\u00e1tedra de mecenazgo \u00abTrabajo, Recursos Humanos y Salud\u00bb dentro de la Universidad Miguel Hern\u00e1ndez de Elche impulsada por entidades consolidadas a nivel nacional e internacional. Estas entidades son Auxiliar Conservera S.A., Boss Digital Group S.L., Clavei \u2013 Consultor\u00eda y Servicios Tecnol\u00f3gicos S.L., Fundaci\u00f3n Marjal de la Comunidad Valenciana y Sanitas S.A.Descubre las novedades sobre eventos, responsabilidad social, investigaci\u00f3n y fromaci\u00f3n en nuestra secci\u00f3n de prensa<\/span><\/p>\n<p>[\/et_pb_text][\/et_pb_column][\/et_pb_row][\/et_pb_section][et_pb_section fb_built=&#8221;1&#8243; specialty=&#8221;on&#8221; _builder_version=&#8221;4.17.4&#8243; _module_preset=&#8221;default&#8221; global_colors_info=&#8221;{}&#8221;][et_pb_column type=&#8221;1_2&#8243; _builder_version=&#8221;4.16&#8243; custom_padding=&#8221;|||&#8221; global_colors_info=&#8221;{}&#8221; custom_padding__hover=&#8221;|||&#8221;][et_pb_image src=&#8221;https:\/\/catedratrabajorecursoshumanosysalud.umh.es\/files\/2023\/07\/small-business-aesthetic-Branding-Shoot-Lifestyle-Headshots-Oklahoma-Branding-Photographer.jpg&#8221; title_text=&#8221;small business aesthetic &#8211; Branding Shoot &#8211; Lifestyle Headshots &#8211; Oklahoma Branding Photographer&#8221; _builder_version=&#8221;4.17.4&#8243; _module_preset=&#8221;default&#8221; global_colors_info=&#8221;{}&#8221;][\/et_pb_image][\/et_pb_column][et_pb_column type=&#8221;1_2&#8243; specialty_columns=&#8221;2&#8243; _builder_version=&#8221;4.16&#8243; custom_padding=&#8221;|||&#8221; global_colors_info=&#8221;{}&#8221; custom_padding__hover=&#8221;|||&#8221;][et_pb_row_inner _builder_version=&#8221;4.17.4&#8243; _module_preset=&#8221;default&#8221; global_colors_info=&#8221;{}&#8221;][et_pb_column_inner saved_specialty_column_type=&#8221;1_2&#8243; _builder_version=&#8221;4.17.4&#8243; _module_preset=&#8221;default&#8221; border_width_all=&#8221;0px&#8221; border_width_top=&#8221;0px&#8221; global_colors_info=&#8221;{}&#8221;][et_pb_image src=&#8221;https:\/\/catedratrabajorecursoshumanosysalud.umh.es\/files\/2022\/06\/Techcrunch-berlin-2013.jpg&#8221; title_text=&#8221;Techcrunch berlin 2013&#8243; _builder_version=&#8221;4.17.4&#8243; _module_preset=&#8221;default&#8221; global_colors_info=&#8221;{}&#8221;][\/et_pb_image][et_pb_text _builder_version=&#8221;4.17.4&#8243; _module_preset=&#8221;default&#8221; custom_margin=&#8221;||8px|||&#8221; global_colors_info=&#8221;{}&#8221;]<\/p>\n<blockquote>\n<p><span style=\"font-size: xx-large\">MISI\u00d3N<\/span><\/p>\n<\/blockquote>\n<p>[\/et_pb_text][\/et_pb_column_inner][\/et_pb_row_inner][et_pb_row_inner _builder_version=&#8221;4.17.4&#8243; _module_preset=&#8221;default&#8221; custom_margin=&#8221;-13px|||||&#8221; global_colors_info=&#8221;{}&#8221;][et_pb_column_inner saved_specialty_column_type=&#8221;1_2&#8243; _builder_version=&#8221;4.17.4&#8243; _module_preset=&#8221;default&#8221; border_width_all=&#8221;0px&#8221; border_width_top=&#8221;0px&#8221; global_colors_info=&#8221;{}&#8221;][et_pb_text _builder_version=&#8221;4.17.4&#8243; _module_preset=&#8221;default&#8221; global_colors_info=&#8221;{}&#8221;]<\/p>\n<p><span style=\"font-weight: 400;font-size: large\">La C\u00e1tedra de Trabajo, Recursos Humanos y Salud de la Universidad Miguel Hern\u00e1ndez es una c\u00e1tedra de <strong>mecenazgo<\/strong> cuyos objetivos generales son la <strong>formaci\u00f3n<\/strong>, la <strong>investigaci\u00f3n<\/strong>, el desarrollo y la <strong>transferencia<\/strong> de conocimiento en el \u00e1mbito de la <strong>gesti\u00f3n de personas<\/strong> y la salud ocupacional en las organizaciones, mediante la realizaci\u00f3n de actividades formativas, de investigaci\u00f3n y de divulgaci\u00f3n.<\/span><\/p>\n<p>[\/et_pb_text][\/et_pb_column_inner][\/et_pb_row_inner][\/et_pb_column][\/et_pb_section][et_pb_section fb_built=&#8221;1&#8243; specialty=&#8221;on&#8221; _builder_version=&#8221;4.17.4&#8243; _module_preset=&#8221;default&#8221; custom_padding=&#8221;0px||0px|||&#8221; global_colors_info=&#8221;{}&#8221;][et_pb_column type=&#8221;1_2&#8243; _builder_version=&#8221;4.16&#8243; custom_padding=&#8221;|||&#8221; global_colors_info=&#8221;{}&#8221; custom_padding__hover=&#8221;|||&#8221;][et_pb_image src=&#8221;https:\/\/catedratrabajorecursoshumanosysalud.umh.es\/files\/2023\/07\/4.jpg&#8221; title_text=&#8221;-4&#8243; _builder_version=&#8221;4.17.4&#8243; _module_preset=&#8221;default&#8221; global_colors_info=&#8221;{}&#8221;][\/et_pb_image][\/et_pb_column][et_pb_column type=&#8221;1_2&#8243; specialty_columns=&#8221;2&#8243; _builder_version=&#8221;4.16&#8243; custom_padding=&#8221;|||&#8221; global_colors_info=&#8221;{}&#8221; custom_padding__hover=&#8221;|||&#8221;][et_pb_row_inner _builder_version=&#8221;4.17.4&#8243; _module_preset=&#8221;default&#8221; custom_padding=&#8221;163px|||||&#8221; global_colors_info=&#8221;{}&#8221;][et_pb_column_inner saved_specialty_column_type=&#8221;1_2&#8243; _builder_version=&#8221;4.17.4&#8243; _module_preset=&#8221;default&#8221; border_width_all=&#8221;0px&#8221; border_width_top=&#8221;0px&#8221; global_colors_info=&#8221;{}&#8221;][et_pb_text _builder_version=&#8221;4.17.4&#8243; _module_preset=&#8221;default&#8221; custom_margin=&#8221;||8px|||&#8221; global_colors_info=&#8221;{}&#8221;]<\/p>\n<blockquote>\n<p><span style=\"font-size: xx-large\">VISI\u00d3N<\/span><\/p>\n<\/blockquote>\n<p>[\/et_pb_text][et_pb_text _builder_version=&#8221;4.17.4&#8243; _module_preset=&#8221;default&#8221; custom_margin=&#8221;63px||||false|false&#8221; global_colors_info=&#8221;{}&#8221;]<\/p>\n<p><span style=\"font-weight: 400;font-size: large\">Partiendo del concepto de <strong>Responsabilidad Social<\/strong> hemos detectado un nuevo movimiento denominado: <strong>Knowcosters<\/strong>. Busca promover en el <strong>consumidor<\/strong> el sentimiento de que elige con <strong>verdadero conocimiento<\/strong> y poder, siendo as\u00ed capaz de cambiar de producto, consumir menos, o incluso no consumir, siempre sabiendo que con ello est\u00e1 provocando una <strong>reacci\u00f3n en cadena<\/strong> que puede estar cerca o lejos de lo que querr\u00eda que sucediese.<\/span><\/p>\n<p><span style=\"font-weight: 400;font-size: large\">Esta funci\u00f3n desarolla su actividad des de <strong>tres perspectivas<\/strong>: Estrategias informativas, Huella Fiscal y Triple marcaje<\/span><\/p>\n<p><span style=\"font-weight: 400;font-size: large\">Consiste en hacer que las <strong>empresas<\/strong> tengan <strong>transparencia<\/strong> en la <strong>gesti\u00f3n de los RR.HH<\/strong>. y la <strong>salud ocupacional<\/strong>:<\/span><\/p>\n<ul>\n<li style=\"font-weight: 400\"><span style=\"font-weight: 400;font-size: large\">Publicar las pol\u00edticas<\/span><\/li>\n<li style=\"font-weight: 400\"><span style=\"font-weight: 400;font-size: large\">Informar de las medidas de salud de los trabajadores<\/span><\/li>\n<li style=\"font-weight: 400\"><span style=\"font-weight: 400;font-size: large\">Exponer las implicaciones con la comunidad: origen de los proveedores, d\u00f3nde fabrocan, d\u00f3nde tributan\u2026<\/span><\/li>\n<\/ul>\n<p>[\/et_pb_text][\/et_pb_column_inner][\/et_pb_row_inner][\/et_pb_column][\/et_pb_section][et_pb_section fb_built=&#8221;1&#8243; specialty=&#8221;on&#8221; _builder_version=&#8221;4.17.4&#8243; _module_preset=&#8221;default&#8221; custom_margin=&#8221;-136px||-44px|||&#8221; custom_padding=&#8221;||0px|||&#8221; global_colors_info=&#8221;{}&#8221;][et_pb_column type=&#8221;1_2&#8243; specialty_columns=&#8221;2&#8243; _builder_version=&#8221;4.16&#8243; custom_padding=&#8221;|||&#8221; global_colors_info=&#8221;{}&#8221; custom_padding__hover=&#8221;|||&#8221;][et_pb_row_inner _builder_version=&#8221;4.17.4&#8243; _module_preset=&#8221;default&#8221; global_colors_info=&#8221;{}&#8221;][et_pb_column_inner saved_specialty_column_type=&#8221;1_2&#8243; _builder_version=&#8221;4.17.4&#8243; _module_preset=&#8221;default&#8221; border_width_all=&#8221;0px&#8221; border_width_top=&#8221;0px&#8221; global_colors_info=&#8221;{}&#8221;][\/et_pb_column_inner][\/et_pb_row_inner][et_pb_row_inner _builder_version=&#8221;4.17.4&#8243; _module_preset=&#8221;default&#8221; global_colors_info=&#8221;{}&#8221;][et_pb_column_inner saved_specialty_column_type=&#8221;1_2&#8243; _builder_version=&#8221;4.17.4&#8243; _module_preset=&#8221;default&#8221; border_width_all=&#8221;0px&#8221; border_width_top=&#8221;0px&#8221; global_colors_info=&#8221;{}&#8221;][et_pb_text _builder_version=&#8221;4.17.4&#8243; _module_preset=&#8221;default&#8221; custom_margin=&#8221;||8px|||&#8221; global_colors_info=&#8221;{}&#8221;]<\/p>\n<blockquote>\n<p><span style=\"font-size: xx-large\">VALORES<\/span><\/p>\n<\/blockquote>\n<p>[\/et_pb_text][et_pb_text _builder_version=&#8221;4.17.4&#8243; _module_preset=&#8221;default&#8221; global_colors_info=&#8221;{}&#8221;]<\/p>\n<p><span style=\"font-weight: 400;font-size: large\">La C\u00e1tedra impulsa la <strong>concienciaci\u00f3n<\/strong> y <strong>sensibilizaci\u00f3n social<\/strong> con el bienestar laboral de los trabajadores y trabajadores en las organizaciones. De esta manera las acciones de la c\u00e1tedra van encaminadas a poner en relieve la importancia del ambiente f\u00edsico de trabajo, el ambiente psicosocial del trabajo, que estos vayan en consonancia con los recursos personales y organizacionales disponibles, con los objetivos de la organizaci\u00f3n y la participaci\u00f3n en la comunidad. Todos estos factores son puntos clave para el desarrollo del<strong> bienestar de los empleados<\/strong> y la efectividad organizacional.<\/span><\/p>\n<p><span style=\"font-weight: 400;font-size: large\">Asimismo, creemos que la Responsabilidad Social Corporativa (RSC) debe estar integrada en el Plan Estrat\u00e9gico de cualquier organizaci\u00f3n para lograr su sostenibilidad. El departamento de Recursos Humanos (RR.HH.), Desarrollo de Personas, Gesti\u00f3n del Talento, etc. es el principal agente de cambio e impulsor de muchas de las acciones enmarcadas dentro de RSC de la organizaci\u00f3n.<\/span><\/p>\n<p><span style=\"font-weight: 400;font-size: large\">Las <strong>Personas<\/strong> son un <strong>elemento clave<\/strong> en el desarrollo de la empresa y es por ello que en el marco de actuaci\u00f3n de la C\u00e1tedra se contempla la difusi\u00f3n, promoci\u00f3n, formaci\u00f3n investigaci\u00f3n y est\u00edmulo de las acciones que permitan la mejora de las <strong>relaciones laborales<\/strong> de los empleados en las organizaciones (Gesti\u00f3n de Personas), la salud y <strong>bienestar laboral<\/strong> y la Responsabilidad Social.<\/span><\/p>\n<p>&nbsp;<\/p>\n<p>[\/et_pb_text][\/et_pb_column_inner][\/et_pb_row_inner][\/et_pb_column][et_pb_column type=&#8221;1_2&#8243; _builder_version=&#8221;4.16&#8243; custom_padding=&#8221;|||&#8221; global_colors_info=&#8221;{}&#8221; custom_padding__hover=&#8221;|||&#8221;][et_pb_image src=&#8221;https:\/\/catedratrabajorecursoshumanosysalud.umh.es\/files\/2023\/07\/LOS-MEJORES-CONSEJOS-PARA-EMPRENDER-CON-EXITO.jpg&#8221; title_text=&#8221;LOS MEJORES CONSEJOS PARA EMPRENDER CON \u00c9XITO&#8221; _builder_version=&#8221;4.17.4&#8243; _module_preset=&#8221;default&#8221; custom_padding=&#8221;||0px|||&#8221; global_colors_info=&#8221;{}&#8221;][\/et_pb_image][\/et_pb_column][\/et_pb_section][et_pb_section fb_built=&#8221;1&#8243; _builder_version=&#8221;4.17.4&#8243; _module_preset=&#8221;default&#8221; custom_margin=&#8221;-124px|||||&#8221; global_colors_info=&#8221;{}&#8221;][et_pb_row _builder_version=&#8221;4.17.4&#8243; _module_preset=&#8221;default&#8221; global_colors_info=&#8221;{}&#8221;][et_pb_column type=&#8221;4_4&#8243; _builder_version=&#8221;4.17.4&#8243; _module_preset=&#8221;default&#8221; border_width_all=&#8221;0px&#8221; border_width_top=&#8221;0px&#8221; global_colors_info=&#8221;{}&#8221;][et_pb_image src=&#8221;https:\/\/catedratrabajorecursoshumanosysalud.umh.es\/files\/2023\/07\/LOGOS-SOLO-EMPRESAS-CATEDRA-1.png&#8221; title_text=&#8221;LOGOS SOLO EMPRESAS C\u00c1TEDRA&#8221; _builder_version=&#8221;4.17.4&#8243; _module_preset=&#8221;default&#8221; global_colors_info=&#8221;{}&#8221;][\/et_pb_image][\/et_pb_column][\/et_pb_row][\/et_pb_section][et_pb_section fb_built=&#8221;1&#8243; next_background_color=&#8221;#ffffff&#8221; _builder_version=&#8221;4.17.4&#8243; background_color=&#8221;#000000&#8243; custom_padding=&#8221;0px|||||&#8221; bottom_divider_style=&#8221;none&#8221; locked=&#8221;off&#8221; global_colors_info=&#8221;{}&#8221;][et_pb_row column_structure=&#8221;1_2,1_4,1_4&#8243; _builder_version=&#8221;4.17.4&#8243; custom_padding=&#8221;37px|||||&#8221; global_colors_info=&#8221;{}&#8221;][et_pb_column type=&#8221;1_2&#8243; _builder_version=&#8221;4.17.4&#8243; border_width_all=&#8221;0px&#8221; border_width_top=&#8221;0px&#8221; global_colors_info=&#8221;{}&#8221;][et_pb_image src=&#8221;https:\/\/catedratrabajorecursoshumanosysalud.umh.es\/files\/2021\/07\/Sin-t\u00edtulo.png&#8221; _builder_version=&#8221;4.16&#8243; width=&#8221;46%&#8221; global_colors_info=&#8221;{}&#8221;][\/et_pb_image][et_pb_text _builder_version=&#8221;4.16&#8243; text_text_color=&#8221;#ffffff&#8221; background_layout=&#8221;dark&#8221; global_colors_info=&#8221;{}&#8221;]<\/p>\n<p style=\"text-align: left\"><span style=\"color: #ffffff;font-family: 'Nunito Sans', sans-serif;font-size: 20px;text-align: center\">C\u00e1tedra Trabajo, Recursos Humanos y Salud<\/span><br \/>\n<span style=\"color: #ffffff;font-family: 'Nunito Sans', sans-serif;font-size: medium;text-align: center\">Universidad Miguel Hern\u00e1ndez (Edificio Altamira) Campus de Elche)<\/span><\/p>\n<p>[\/et_pb_text][et_pb_social_media_follow _builder_version=&#8221;4.16&#8243; global_colors_info=&#8221;{}&#8221;][et_pb_social_media_follow_network social_network=&#8221;facebook&#8221; url=&#8221;https:\/\/www.facebook.com\/CatedraTRHS\/&#8221; icon_color=&#8221;#000000&#8243; use_icon_font_size=&#8221;on&#8221; _builder_version=&#8221;4.16&#8243; background_color=&#8221;#ffffff&#8221; background_enable_color=&#8221;on&#8221; global_colors_info=&#8221;{}&#8221; follow_button=&#8221;off&#8221; url_new_window=&#8221;on&#8221;]facebook[\/et_pb_social_media_follow_network][et_pb_social_media_follow_network social_network=&#8221;twitter&#8221; url=&#8221;https:\/\/twitter.com\/CatedraTRHS&#8221; use_icon_font_size=&#8221;on&#8221; icon_font_size=&#8221;21px&#8221; _builder_version=&#8221;4.16&#8243; background_color=&#8221;#000000&#8243; background_enable_color=&#8221;on&#8221; global_colors_info=&#8221;{}&#8221; follow_button=&#8221;off&#8221; url_new_window=&#8221;on&#8221;]twitter[\/et_pb_social_media_follow_network][et_pb_social_media_follow_network social_network=&#8221;youtube&#8221; url=&#8221;https:\/\/www.youtube.com\/channel\/UC0TERdbC8GLWONonE6sAwVA&#8221; use_icon_font_size=&#8221;on&#8221; icon_font_size=&#8221;21px&#8221; _builder_version=&#8221;4.16&#8243; background_color=&#8221;#000000&#8243; background_enable_color=&#8221;on&#8221; global_colors_info=&#8221;{}&#8221; follow_button=&#8221;off&#8221; url_new_window=&#8221;on&#8221;]youtube[\/et_pb_social_media_follow_network][et_pb_social_media_follow_network social_network=&#8221;linkedin&#8221; url=&#8221;http:\/\/linkedin.com\/company\/c\u00e1tedra-trabajo-recursos-humanos-salud&#8221; _builder_version=&#8221;4.16&#8243; background_color=&#8221;#000000&#8243; background_enable_color=&#8221;on&#8221; global_colors_info=&#8221;{}&#8221; follow_button=&#8221;off&#8221; url_new_window=&#8221;on&#8221;]linkedin[\/et_pb_social_media_follow_network][\/et_pb_social_media_follow][et_pb_text _builder_version=&#8221;4.16&#8243; global_colors_info=&#8221;{}&#8221;]<\/p>\n<h5 style=\"text-align: left\"><span style=\"color: #ffffff\"><strong><a href=\"tel:+34966658634\" style=\"color: #ffffff\"><span class=\"elementor-icon-list-text\">Tlf: (+34) 966 65 86 34<\/span><\/a><\/strong><\/span><\/h5>\n<h5 style=\"text-align: left\"><span style=\"color: #ffffff\"><strong><a href=\"mailto:catedratrhs@umh.es\" style=\"color: #ffffff\"><span class=\"elementor-icon-list-text\">Email: catedraTRHS@umh.es<\/span><\/a><\/strong><\/span><\/h5>\n<h5 style=\"text-align: left\"><span style=\"color: #ffffff\"><strong><a href=\"http:\/\/eepurl.com\/hsWuob\" style=\"color: #ffffff\"><span class=\"elementor-icon-list-text\">Newsletter<\/span><\/a><\/strong><\/span><\/h5>\n<p>[\/et_pb_text][\/et_pb_column][et_pb_column type=&#8221;1_4&#8243; _builder_version=&#8221;4.17.4&#8243; border_width_all=&#8221;0px&#8221; border_width_top=&#8221;0px&#8221; global_colors_info=&#8221;{}&#8221;][et_pb_menu menu_id=&#8221;367868&#8243; active_link_color=&#8221;#ffffff&#8221; _builder_version=&#8221;4.16&#8243; menu_text_color=&#8221;#ffffff&#8221; menu_font_size=&#8221;18px&#8221; background_color=&#8221;#000000&#8243; border_color_left=&#8221;#ffffff&#8221; global_colors_info=&#8221;{}&#8221;][\/et_pb_menu][et_pb_divider divider_position=&#8221;center&#8221; _builder_version=&#8221;4.16&#8243; global_colors_info=&#8221;{}&#8221;][\/et_pb_divider][et_pb_menu menu_id=&#8221;367871&#8243; active_link_color=&#8221;#ffffff&#8221; _builder_version=&#8221;4.16&#8243; menu_text_color=&#8221;#ffffff&#8221; menu_font_size=&#8221;18px&#8221; background_color=&#8221;#000000&#8243; global_colors_info=&#8221;{}&#8221;][\/et_pb_menu][\/et_pb_column][et_pb_column type=&#8221;1_4&#8243; _builder_version=&#8221;4.17.4&#8243; border_width_all=&#8221;0px&#8221; border_width_top=&#8221;0px&#8221; global_colors_info=&#8221;{}&#8221;][et_pb_image src=&#8221;https:\/\/catedratrabajorecursoshumanosysalud.umh.es\/files\/2021\/04\/logo-umh_blanco.png&#8221; url=&#8221;https:\/\/www.umh.es\/&#8221; url_new_window=&#8221;on&#8221; align=&#8221;right&#8221; _builder_version=&#8221;4.16&#8243; width=&#8221;85%&#8221; custom_margin=&#8221;250px||||false|false&#8221; global_colors_info=&#8221;{}&#8221;][\/et_pb_image][\/et_pb_column][\/et_pb_row][\/et_pb_section]<\/p>\n","protected":false},"excerpt":{"rendered":"<p>El 11 de febrero de 2020 se crea la c\u00e1tedra de mecenazgo \u00abTrabajo, Recursos Humanos y Salud\u00bb dentro de la Universidad Miguel Hern\u00e1ndez de Elche impulsada por entidades consolidadas a nivel nacional e internacional. Estas entidades son Auxiliar Conservera S.A., Boss Digital Group S.L., Clavei \u2013 Consultor\u00eda y Servicios Tecnol\u00f3gicos S.L., Fundaci\u00f3n Marjal de la [&hellip;]<\/p>\n","protected":false},"author":11012,"featured_media":0,"parent":0,"menu_order":0,"comment_status":"closed","ping_status":"closed","template":"","meta":{"_et_pb_use_builder":"on","_et_pb_old_content":"","_et_gb_content_width":"","_links_to":"","_links_to_target":""},"_links":{"self":[{"href":"https:\/\/catedratrabajorecursoshumanosysalud.umh.es\/en\/wp-json\/wp\/v2\/pages\/9949"}],"collection":[{"href":"https:\/\/catedratrabajorecursoshumanosysalud.umh.es\/en\/wp-json\/wp\/v2\/pages"}],"about":[{"href":"https:\/\/catedratrabajorecursoshumanosysalud.umh.es\/en\/wp-json\/wp\/v2\/types\/page"}],"author":[{"embeddable":true,"href":"https:\/\/catedratrabajorecursoshumanosysalud.umh.es\/en\/wp-json\/wp\/v2\/users\/11012"}],"replies":[{"embeddable":true,"href":"https:\/\/catedratrabajorecursoshumanosysalud.umh.es\/en\/wp-json\/wp\/v2\/comments?post=9949"}],"version-history":[{"count":0,"href":"https:\/\/catedratrabajorecursoshumanosysalud.umh.es\/en\/wp-json\/wp\/v2\/pages\/9949\/revisions"}],"wp:attachment":[{"href":"https:\/\/catedratrabajorecursoshumanosysalud.umh.es\/en\/wp-json\/wp\/v2\/media?parent=9949"}],"curies":[{"name":"wp","href":"https:\/\/api.w.org\/{rel}","templated":true}]}}